{"id":70,"date":"2021-10-13T15:18:38","date_gmt":"2021-10-13T13:18:38","guid":{"rendered":"https:\/\/srcc.saxxbizz.de\/?page_id=70"},"modified":"2021-11-17T10:26:44","modified_gmt":"2021-11-17T09:26:44","slug":"homepage","status":"publish","type":"page","link":"https:\/\/srcc.saxxbizz.de\/","title":{"rendered":"Homepage"},"content":{"rendered":"<div id=\"pl-70\"  class=\"panel-layout\" ><div id=\"pg-70-0\"  class=\"panel-grid panel-no-style\" ><div id=\"pgc-70-0-0\"  class=\"panel-grid-cell\" ><div id=\"panel-70-0-0-0\" class=\"so-panel widget widget_circleicon-widget panel-first-child panel-last-child widgetopts-SO\" data-index=\"0\" >\t\t<div class=\"circle-icon-box circle-icon-position-top circle-icon-hide-box circle-icon-size-small \">\n\t\t\t\t\t\t\t<div class=\"circle-icon-wrapper\">\n\t\t\t\t\t\t\t\t\t\t<div class=\"circle-icon\" >\n\t\t\t\t\t\t\t\t\t\t\t\t\t<div class=\"fa fa-battery-full\" ><\/div>\n\t\t\t\t\t\t\t\t\t\t\t<\/div> \n\t\t\t\t\t\t\t\t\t<\/div>\n\t\t\t\n\t\t\t\t\t\t\t\t\t\t<h4 style=\"color: #000000\">\n\t\t\t\t\t\u00dcber das Vorhaben\t\t\t\t<\/h4>\n\t\t\t\t\t\t\n\t\t\t\t\t\t\t<p class=\"text\" >Das Vorhaben Smart Rail Connectivity Campus (SRCC) etabliert am Standort Annaberg-Buchholz ein Zentrum f\u00fcr Forschung, Entwicklung, Erprobung und Bef\u00e4higung zur Zulassung im Innovationsfeld Intelligenter Schienenverkehr (Smart Rail)<\/p>\n\t\t\t\t\t\t\t\t\t\t<a href=\"https:\/\/srcc.saxxbizz.de\/?page_id=5\" class=\"more-button\" >Weiterlesen <i><\/i><\/a>\n\t\t\t\t\t<\/div>\n\t\t<\/div><\/div><div id=\"pgc-70-0-1\"  class=\"panel-grid-cell\" ><div id=\"panel-70-0-1-0\" class=\"so-panel widget widget_circleicon-widget panel-first-child panel-last-child widgetopts-SO\" data-index=\"1\" >\t\t<div class=\"circle-icon-box circle-icon-position-top circle-icon-hide-box circle-icon-size-small \">\n\t\t\t\t\t\t\t<div class=\"circle-icon-wrapper\">\n\t\t\t\t\t\t\t\t\t\t<div class=\"circle-icon\" >\n\t\t\t\t\t\t\t\t\t\t\t\t\t<div class=\"fa fa-group\" ><\/div>\n\t\t\t\t\t\t\t\t\t\t\t<\/div> \n\t\t\t\t\t\t\t\t\t<\/div>\n\t\t\t\n\t\t\t\t\t\t\t\t\t\t<h4 style=\"color: #000000\">\n\t\t\t\t\tNetzwerk\t\t\t\t<\/h4>\n\t\t\t\t\t\t\n\t\t\t\t\t\t\t<p class=\"text\" >Das Projekt \"Smart Rail Connectivity Campus\" ist ein Gemeinschaftsvorhaben unter Federf\u00fchrung der Standt Annaberg-Buchholz und der Technischen Universit\u00e4t Chemnitz und wird unterst\u00fctzt durch den Freistaat Sachsen und der DB RegioNetz Verkehrs GmbH\/Infrastruktur GmbH Erzgebirgsbahn, als Betreiber der Bahninfrastruktur.<\/p>\n\t\t\t\t\t\t\t\t\t\t<a href=\"https:\/\/srcc.saxxbizz.de\/?page_id=37\" class=\"more-button\" >Weiterlesen <i><\/i><\/a>\n\t\t\t\t\t<\/div>\n\t\t<\/div><\/div><\/div><div id=\"pg-70-1\"  class=\"panel-grid panel-no-style\" ><div id=\"pgc-70-1-0\"  class=\"panel-grid-cell\" ><div id=\"panel-70-1-0-0\" class=\"so-panel widget widget_siteorigin-panels-postloop panel-first-child panel-last-child widgetopts-SO\" data-index=\"2\" ><h3 class=\"widget-title\"><span class=\"vantage-carousel-title\"><span class=\"vantage-carousel-title-text\">Aktuelle News<\/span><a href=\"#\" class=\"next\" title=\"N\u00e4chster\"><span class=\"vantage-icon-arrow-right\"><\/span><\/a><a href=\"#\" class=\"previous\" title=\"Vorheriger\"><span class=\"vantage-icon-arrow-left\"><\/span><\/a><\/span><\/h3><div class=\"vantage-carousel-wrapper\">\n\n\t\n\t<ul class=\"vantage-carousel\" data-query=\"{&quot;more&quot;:true,&quot;post_type&quot;:&quot;post&quot;,&quot;posts_per_page&quot;:20,&quot;orderby&quot;:&quot;date&quot;,&quot;order&quot;:&quot;DESC&quot;,&quot;siteorigin&quot;:&quot;1&quot;,&quot;extended_widget_opts&quot;:{&quot;id_base&quot;:&quot;c50&quot;,&quot;visibility&quot;:{&quot;options&quot;:&quot;hide&quot;},&quot;devices&quot;:{&quot;options&quot;:&quot;hide&quot;},&quot;alignment&quot;:{&quot;desktop&quot;:&quot;default&quot;},&quot;roles&quot;:[],&quot;class&quot;:[]},&quot;panels_info&quot;:{&quot;class&quot;:&quot;SiteOrigin_Panels_Widgets_PostLoop&quot;,&quot;grid&quot;:1,&quot;cell&quot;:0,&quot;id&quot;:2,&quot;widget_id&quot;:&quot;a9db3c53-2d02-4879-96b8-74206d21f479&quot;,&quot;style&quot;:{&quot;background_image_attachment&quot;:false,&quot;background_display&quot;:&quot;tile&quot;},&quot;cell_index&quot;:0,&quot;widget_index&quot;:2},&quot;pagination_id&quot;:608406265,&quot;so_sidebar_emulator_id&quot;:&quot;siteorigin-panels-postloop-7010002&quot;,&quot;option_name&quot;:&quot;widget_siteorigin-panels-postloop&quot;,&quot;paged&quot;:1,&quot;post__not_in&quot;:[70],&quot;fields&quot;:&quot;all&quot;,&quot;lazy_load_term_meta&quot;:true}\" data-ajax-url=\"https:\/\/srcc.saxxbizz.de\/wp-admin\/admin-ajax.php\">\n\t\t\t\t\t<li class=\"carousel-entry\">\n\t\t\t\t<div class=\"thumbnail\">\n\t\t\t\t\t\t\t\t\t\t\t\t\t\t\t\t<a href=\"https:\/\/srcc.saxxbizz.de\/?p=334\" class=\"default-thumbnail\"><span class=\"vantage-overlay\"><\/span><\/a>\n\t\t\t\t\t\t\t\t\t<\/div>\n\t\t\t\t\t\t\t\t<h3><a href=\"https:\/\/srcc.saxxbizz.de\/?p=334\">AND CUT DREHARBEITEN AM UNTEREN BAHNHOF<\/a><\/h3>\n\t\t\t<\/li>\n\t\t\t\t\t<li class=\"carousel-entry\">\n\t\t\t\t<div class=\"thumbnail\">\n\t\t\t\t\t\t\t\t\t\t\t\t\t\t\t\t<a href=\"https:\/\/srcc.saxxbizz.de\/?p=280\" style=\"background-image: url(https:\/\/srcc.saxxbizz.de\/wp-content\/uploads\/2022\/03\/Weihnachtskarte-2021Vorderseite_0-272x182.jpg)\">\n\t\t\t\t\t\t<\/a>\n\t\t\t\t\t\t\t\t\t<\/div>\n\t\t\t\t\t\t\t\t<h3><a href=\"https:\/\/srcc.saxxbizz.de\/?p=280\">FROHE WEIHNACHTEN UND ALLES GUTE F\u00dcR DAS NEUE JAHR 2022<\/a><\/h3>\n\t\t\t<\/li>\n\t\t\t\t\t<li class=\"carousel-entry\">\n\t\t\t\t<div class=\"thumbnail\">\n\t\t\t\t\t\t\t\t\t\t\t\t\t\t\t\t<a href=\"https:\/\/srcc.saxxbizz.de\/?p=283\" style=\"background-image: url(https:\/\/srcc.saxxbizz.de\/wp-content\/uploads\/2022\/03\/Call-for-papers-272x182.jpg)\">\n\t\t\t\t\t\t<\/a>\n\t\t\t\t\t\t\t\t\t<\/div>\n\t\t\t\t\t\t\t\t<h3><a href=\"https:\/\/srcc.saxxbizz.de\/?p=283\">EXTENDED DEADLINE &#8211; CALL FOR PAPERS<\/a><\/h3>\n\t\t\t<\/li>\n\t\t\t\t\t<li class=\"carousel-entry\">\n\t\t\t\t<div class=\"thumbnail\">\n\t\t\t\t\t\t\t\t\t\t\t\t\t\t\t\t<a href=\"https:\/\/srcc.saxxbizz.de\/?p=286\" style=\"background-image: url(https:\/\/srcc.saxxbizz.de\/wp-content\/uploads\/2022\/03\/04-April-Advanced-Train-Lab-und-BR86-im-Bahnhof-Schlettau_0-272x182.jpg)\">\n\t\t\t\t\t\t<\/a>\n\t\t\t\t\t\t\t\t\t<\/div>\n\t\t\t\t\t\t\t\t<h3><a href=\"https:\/\/srcc.saxxbizz.de\/?p=286\">EXTENDED DEADLINE &#8211; CALL FOR PAPERS<\/a><\/h3>\n\t\t\t<\/li>\n\t\t\t\t\t<li class=\"carousel-entry\">\n\t\t\t\t<div class=\"thumbnail\">\n\t\t\t\t\t\t\t\t\t\t\t\t\t\t\t\t<a href=\"https:\/\/srcc.saxxbizz.de\/?p=336\" style=\"background-image: url(https:\/\/srcc.saxxbizz.de\/wp-content\/uploads\/2022\/03\/04-April-Advanced-Train-Lab-und-BR86-im-Bahnhof-Schlettau_0-272x182.jpg)\">\n\t\t\t\t\t\t<\/a>\n\t\t\t\t\t\t\t\t\t<\/div>\n\t\t\t\t\t\t\t\t<h3><a href=\"https:\/\/srcc.saxxbizz.de\/?p=336\">VODAFONE BAUT CAMPUS-NETZ F\u00dcR TESTSTRECKE IM ERZGEBIRGE<\/a><\/h3>\n\t\t\t<\/li>\n\t\t\t\t\t<li class=\"carousel-entry\">\n\t\t\t\t<div class=\"thumbnail\">\n\t\t\t\t\t\t\t\t\t\t\t\t\t\t\t\t<a href=\"https:\/\/srcc.saxxbizz.de\/?p=289\" style=\"background-image: url(https:\/\/srcc.saxxbizz.de\/wp-content\/uploads\/2022\/03\/DSC01579-272x182.jpg)\">\n\t\t\t\t\t\t<\/a>\n\t\t\t\t\t\t\t\t\t<\/div>\n\t\t\t\t\t\t\t\t<h3><a href=\"https:\/\/srcc.saxxbizz.de\/?p=289\">KINDERBOTSCHAFTER GESUCHT!<\/a><\/h3>\n\t\t\t<\/li>\n\t\t\t\t\t<li class=\"carousel-entry\">\n\t\t\t\t<div class=\"thumbnail\">\n\t\t\t\t\t\t\t\t\t\t\t\t\t\t\t\t<a href=\"https:\/\/srcc.saxxbizz.de\/?p=292\" style=\"background-image: url(https:\/\/srcc.saxxbizz.de\/wp-content\/uploads\/2022\/03\/DSC1488_0-272x182.jpg)\">\n\t\t\t\t\t\t<\/a>\n\t\t\t\t\t\t\t\t\t<\/div>\n\t\t\t\t\t\t\t\t<h3><a href=\"https:\/\/srcc.saxxbizz.de\/?p=292\">EXKURSION MATHEREFERENDARE BEIM SMART RAIL CONNECTIVITY CAMPUS UND DEM DIGITALEN STELLWERK DER ERZGEBIRGSBAHN<\/a><\/h3>\n\t\t\t<\/li>\n\t\t\t\t\t<li class=\"carousel-entry\">\n\t\t\t\t<div class=\"thumbnail\">\n\t\t\t\t\t\t\t\t\t\t\t\t\t\t\t\t<a href=\"https:\/\/srcc.saxxbizz.de\/?p=297\" style=\"background-image: url(https:\/\/srcc.saxxbizz.de\/wp-content\/uploads\/2022\/03\/DSC1379-272x182.jpg)\">\n\t\t\t\t\t\t<\/a>\n\t\t\t\t\t\t\t\t\t<\/div>\n\t\t\t\t\t\t\t\t<h3><a href=\"https:\/\/srcc.saxxbizz.de\/?p=297\">VORLESUNG AM SENIORENKOLLEG<\/a><\/h3>\n\t\t\t<\/li>\n\t\t\t\t\t<li class=\"carousel-entry\">\n\t\t\t\t<div class=\"thumbnail\">\n\t\t\t\t\t\t\t\t\t\t\t\t\t\t\t\t<a href=\"https:\/\/srcc.saxxbizz.de\/?p=194\" style=\"background-image: url(https:\/\/srcc.saxxbizz.de\/wp-content\/uploads\/2021\/11\/Logo-Digital-Rail-Convention-DRC-272x182.png)\">\n\t\t\t\t\t\t<\/a>\n\t\t\t\t\t\t\t\t\t<\/div>\n\t\t\t\t\t\t\t\t<h3><a href=\"https:\/\/srcc.saxxbizz.de\/?p=194\">Video R\u00fcckblick &#8211; Digital Rail Convention 2021<\/a><\/h3>\n\t\t\t<\/li>\n\t\t\t\t\t<li class=\"carousel-entry\">\n\t\t\t\t<div class=\"thumbnail\">\n\t\t\t\t\t\t\t\t\t\t\t\t\t\t\t\t<a href=\"https:\/\/srcc.saxxbizz.de\/?p=95\" style=\"background-image: url(https:\/\/srcc.saxxbizz.de\/wp-content\/uploads\/2021\/11\/dsc1020-272x182.jpg)\">\n\t\t\t\t\t\t<\/a>\n\t\t\t\t\t\t\t\t\t<\/div>\n\t\t\t\t\t\t\t\t<h3><a href=\"https:\/\/srcc.saxxbizz.de\/?p=95\">3. SRCC Netzwerktreffen<\/a><\/h3>\n\t\t\t<\/li>\n\t\t\t\t\t<li class=\"carousel-entry\">\n\t\t\t\t<div class=\"thumbnail\">\n\t\t\t\t\t\t\t\t\t\t\t\t\t\t\t\t<a href=\"https:\/\/srcc.saxxbizz.de\/?p=107\" style=\"background-image: url(https:\/\/srcc.saxxbizz.de\/wp-content\/uploads\/2021\/10\/Banner-Kooperationsboerse-2021-272x182.jpg)\">\n\t\t\t\t\t\t<\/a>\n\t\t\t\t\t\t\t\t\t<\/div>\n\t\t\t\t\t\t\t\t<h3><a href=\"https:\/\/srcc.saxxbizz.de\/?p=107\">Kooperartionsb\u00f6rse Zulieferindustrie Erzgebirge 2021 am 20. Oktober in Zschopau<\/a><\/h3>\n\t\t\t<\/li>\n\t\t\t\t\t<li class=\"carousel-entry\">\n\t\t\t\t<div class=\"thumbnail\">\n\t\t\t\t\t\t\t\t\t\t\t\t\t\t\t\t<a href=\"https:\/\/srcc.saxxbizz.de\/?p=197\" style=\"background-image: url(https:\/\/srcc.saxxbizz.de\/wp-content\/uploads\/2021\/11\/IMG-20211004-WA0009-272x182.jpg)\">\n\t\t\t\t\t\t<\/a>\n\t\t\t\t\t\t\t\t\t<\/div>\n\t\t\t\t\t\t\t\t<h3><a href=\"https:\/\/srcc.saxxbizz.de\/?p=197\">Der SRCC zu Gast auf der Pr\u00e4sentationsfahrt der Erzgebirgischen Aussichtsbahn<\/a><\/h3>\n\t\t\t<\/li>\n\t\t\t\t\t<li class=\"carousel-entry\">\n\t\t\t\t<div class=\"thumbnail\">\n\t\t\t\t\t\t\t\t\t\t\t\t\t\t\t\t<a href=\"https:\/\/srcc.saxxbizz.de\/?p=338\" style=\"background-image: url(https:\/\/srcc.saxxbizz.de\/wp-content\/uploads\/2021\/09\/DRC21_08.09.21-1664-272x182.jpg)\">\n\t\t\t\t\t\t<\/a>\n\t\t\t\t\t\t\t\t\t<\/div>\n\t\t\t\t\t\t\t\t<h3><a href=\"https:\/\/srcc.saxxbizz.de\/?p=338\">R\u00dcCKBLICK DIGITAL RAIL CONVENTION 2021<\/a><\/h3>\n\t\t\t<\/li>\n\t\t\t\t\t<li class=\"carousel-entry\">\n\t\t\t\t<div class=\"thumbnail\">\n\t\t\t\t\t\t\t\t\t\t\t\t\t\t\t\t<a href=\"https:\/\/srcc.saxxbizz.de\/?p=367\" style=\"background-image: url(https:\/\/srcc.saxxbizz.de\/wp-content\/uploads\/2021\/09\/DSC9837-272x182.jpg)\">\n\t\t\t\t\t\t<\/a>\n\t\t\t\t\t\t\t\t\t<\/div>\n\t\t\t\t\t\t\t\t<h3><a href=\"https:\/\/srcc.saxxbizz.de\/?p=367\">INFOPOINT EINGEWEIHT<\/a><\/h3>\n\t\t\t<\/li>\n\t\t\t\t\t<li class=\"carousel-entry\">\n\t\t\t\t<div class=\"thumbnail\">\n\t\t\t\t\t\t\t\t\t\t\t\t\t\t\t\t<a href=\"https:\/\/srcc.saxxbizz.de\/?p=315\" style=\"background-image: url(https:\/\/srcc.saxxbizz.de\/wp-content\/uploads\/2022\/03\/S4F_CIL_Holz-272x129.png)\">\n\t\t\t\t\t\t<\/a>\n\t\t\t\t\t\t\t\t\t<\/div>\n\t\t\t\t\t\t\t\t<h3><a href=\"https:\/\/srcc.saxxbizz.de\/?p=315\">VERANSTALTUNGSHINWEIS<\/a><\/h3>\n\t\t\t<\/li>\n\t\t\t\t\t<li class=\"carousel-entry\">\n\t\t\t\t<div class=\"thumbnail\">\n\t\t\t\t\t\t\t\t\t\t\t\t\t\t\t\t<a href=\"https:\/\/srcc.saxxbizz.de\/?p=318\" style=\"background-image: url(https:\/\/srcc.saxxbizz.de\/wp-content\/uploads\/2022\/03\/img09720-272x182.jpg)\">\n\t\t\t\t\t\t<\/a>\n\t\t\t\t\t\t\t\t\t<\/div>\n\t\t\t\t\t\t\t\t<h3><a href=\"https:\/\/srcc.saxxbizz.de\/?p=318\">MITGLIEDERTREFFEN AM 01.07.2021<\/a><\/h3>\n\t\t\t<\/li>\n\t\t\t\t\t<li class=\"carousel-entry\">\n\t\t\t\t<div class=\"thumbnail\">\n\t\t\t\t\t\t\t\t\t\t\t\t\t\t\t\t<a href=\"https:\/\/srcc.saxxbizz.de\/?p=421\" style=\"background-image: url(https:\/\/srcc.saxxbizz.de\/wp-content\/uploads\/2022\/03\/wfe1-272x182.png)\">\n\t\t\t\t\t\t<\/a>\n\t\t\t\t\t\t\t\t\t<\/div>\n\t\t\t\t\t\t\t\t<h3><a href=\"https:\/\/srcc.saxxbizz.de\/?p=421\">SMART COMPOSITES ERZGEBIRGE &#8211; PROJEKTIDEE<\/a><\/h3>\n\t\t\t<\/li>\n\t\t\t\t\t<li class=\"carousel-entry\">\n\t\t\t\t<div class=\"thumbnail\">\n\t\t\t\t\t\t\t\t\t\t\t\t\t\t\t\t<a href=\"https:\/\/srcc.saxxbizz.de\/?p=424\" style=\"background-image: url(https:\/\/srcc.saxxbizz.de\/wp-content\/uploads\/2021\/08\/Der-SRCC-stellt-sich-im-Techreport-vor-272x158.png)\">\n\t\t\t\t\t\t<\/a>\n\t\t\t\t\t\t\t\t\t<\/div>\n\t\t\t\t\t\t\t\t<h3><a href=\"https:\/\/srcc.saxxbizz.de\/?p=424\">DER SRCC IM TECH REPORT AUTONOME SYSTEME DES ACSTYRIA MOBILIT\u00c4TSCLUSTERS<\/a><\/h3>\n\t\t\t<\/li>\n\t\t\t\t\t<li class=\"carousel-entry\">\n\t\t\t\t<div class=\"thumbnail\">\n\t\t\t\t\t\t\t\t\t\t\t\t\t\t\t\t<a href=\"https:\/\/srcc.saxxbizz.de\/?p=412\" style=\"background-image: url(https:\/\/srcc.saxxbizz.de\/wp-content\/uploads\/2021\/08\/dsc9666-272x182.jpg)\">\n\t\t\t\t\t\t<\/a>\n\t\t\t\t\t\t\t\t\t<\/div>\n\t\t\t\t\t\t\t\t<h3><a href=\"https:\/\/srcc.saxxbizz.de\/?p=412\">ZWEITER SRCC-B\u00dcRGERSTAMMTISCH ENTLANG DER STRECKE DES DIGITALEN TESTFELDES ERZGEBIRGE<\/a><\/h3>\n\t\t\t<\/li>\n\t\t\t\t\t<li class=\"carousel-entry\">\n\t\t\t\t<div class=\"thumbnail\">\n\t\t\t\t\t\t\t\t\t\t\t\t\t\t\t\t<a href=\"https:\/\/srcc.saxxbizz.de\/?p=432\" style=\"background-image: url(https:\/\/srcc.saxxbizz.de\/wp-content\/uploads\/2022\/03\/image-272x182.png)\">\n\t\t\t\t\t\t<\/a>\n\t\t\t\t\t\t\t\t\t<\/div>\n\t\t\t\t\t\t\t\t<h3><a href=\"https:\/\/srcc.saxxbizz.de\/?p=432\">ZWEITES VERNETZUNGSTREFFEN INNOVATIVER MOBILIT\u00c4TSPROJEKTE<\/a><\/h3>\n\t\t\t<\/li>\n\t\t\t<\/ul>\n<\/div>\n<\/div><\/div><\/div><\/div>","protected":false},"excerpt":{"rendered":"<p>\u00dcber das Vorhaben Das Vorhaben Smart Rail Connectivity Campus (SRCC) etabliert am Standort Annaberg-Buchholz ein Zentrum f\u00fcr Forschung, Entwicklung, Erprobung und Bef\u00e4higung zur Zulassung im Innovationsfeld Intelligenter Schienenverkehr (Smart Rail) Weiterlesen Netzwerk Das Projekt &#8220;Smart Rail Connectivity Campus&#8221; ist ein Gemeinschaftsvorhaben unter Federf\u00fchrung der Standt Annaberg-Buchholz und der Technischen Universit\u00e4t Chemnitz und wird unterst\u00fctzt durch [&hellip;]<\/p>\n","protected":false},"author":1,"featured_media":0,"parent":0,"menu_order":0,"comment_status":"closed","ping_status":"closed","template":"home-panels.php","meta":{"footnotes":""},"class_list":["post-70","page","type-page","status-publish","hentry","post"],"_links":{"self":[{"href":"https:\/\/srcc.saxxbizz.de\/index.php?rest_route=\/wp\/v2\/pages\/70","targetHints":{"allow":["GET"]}}],"collection":[{"href":"https:\/\/srcc.saxxbizz.de\/index.php?rest_route=\/wp\/v2\/pages"}],"about":[{"href":"https:\/\/srcc.saxxbizz.de\/index.php?rest_route=\/wp\/v2\/types\/page"}],"author":[{"embeddable":true,"href":"https:\/\/srcc.saxxbizz.de\/index.php?rest_route=\/wp\/v2\/users\/1"}],"replies":[{"embeddable":true,"href":"https:\/\/srcc.saxxbizz.de\/index.php?rest_route=%2Fwp%2Fv2%2Fcomments&post=70"}],"version-history":[{"count":1,"href":"https:\/\/srcc.saxxbizz.de\/index.php?rest_route=\/wp\/v2\/pages\/70\/revisions"}],"predecessor-version":[{"id":212,"href":"https:\/\/srcc.saxxbizz.de\/index.php?rest_route=\/wp\/v2\/pages\/70\/revisions\/212"}],"wp:attachment":[{"href":"https:\/\/srcc.saxxbizz.de\/index.php?rest_route=%2Fwp%2Fv2%2Fmedia&parent=70"}],"curies":[{"name":"wp","href":"https:\/\/api.w.org\/{rel}","templated":true}]}}