{"id":57,"date":"2021-10-13T14:57:02","date_gmt":"2021-10-13T12:57:02","guid":{"rendered":"https:\/\/srcc.saxxbizz.de\/?page_id=57"},"modified":"2022-03-02T10:51:05","modified_gmt":"2022-03-02T09:51:05","slug":"wir","status":"publish","type":"page","link":"https:\/\/srcc.saxxbizz.de\/?page_id=57","title":{"rendered":"WIR!"},"content":{"rendered":"\t\t<div data-elementor-type=\"wp-page\" data-elementor-id=\"57\" class=\"elementor elementor-57\">\n\t\t\t\t\t\t<section class=\"elementor-section elementor-top-section elementor-element elementor-element-86c0ef4 elementor-section-boxed elementor-section-height-default elementor-section-height-default\" data-id=\"86c0ef4\" data-element_type=\"section\" data-e-type=\"section\">\n\t\t\t\t\t\t<div class=\"elementor-container elementor-column-gap-default\">\n\t\t\t\t\t<div class=\"elementor-column elementor-col-100 elementor-top-column elementor-element elementor-element-181fbb6\" data-id=\"181fbb6\" data-element_type=\"column\" data-e-type=\"column\">\n\t\t\t<div class=\"elementor-widget-wrap elementor-element-populated\">\n\t\t\t\t\t\t<div class=\"elementor-element elementor-element-b3d8c85 elementor-widget elementor-widget-heading\" data-id=\"b3d8c85\" data-element_type=\"widget\" data-e-type=\"widget\" data-widget_type=\"heading.default\">\n\t\t\t\t<div class=\"elementor-widget-container\">\n\t\t\t\t\t<h2 class=\"elementor-heading-title elementor-size-default\">Das WIR!-Programm<\/h2>\t\t\t\t<\/div>\n\t\t\t\t<\/div>\n\t\t\t\t\t<\/div>\n\t\t<\/div>\n\t\t\t\t\t<\/div>\n\t\t<\/section>\n\t\t\t\t<section class=\"elementor-section elementor-top-section elementor-element elementor-element-fbc1b46 elementor-section-boxed elementor-section-height-default elementor-section-height-default\" data-id=\"fbc1b46\" data-element_type=\"section\" data-e-type=\"section\">\n\t\t\t\t\t\t<div class=\"elementor-container elementor-column-gap-default\">\n\t\t\t\t\t<div class=\"elementor-column elementor-col-33 elementor-top-column elementor-element elementor-element-d6472bf\" data-id=\"d6472bf\" data-element_type=\"column\" data-e-type=\"column\">\n\t\t\t<div class=\"elementor-widget-wrap\">\n\t\t\t\t\t\t\t<\/div>\n\t\t<\/div>\n\t\t\t\t<div class=\"elementor-column elementor-col-66 elementor-top-column elementor-element elementor-element-d7e8f5f\" data-id=\"d7e8f5f\" data-element_type=\"column\" data-e-type=\"column\">\n\t\t\t<div class=\"elementor-widget-wrap elementor-element-populated\">\n\t\t\t\t\t\t<div class=\"elementor-element elementor-element-85bb770 elementor-widget elementor-widget-text-editor\" data-id=\"85bb770\" data-element_type=\"widget\" data-e-type=\"widget\" data-widget_type=\"text-editor.default\">\n\t\t\t\t<div class=\"elementor-widget-container\">\n\t\t\t\t\t\t\t\t\t<p>Das B\u00fcndnis \u201eSmart Rail Connectivity Campus\u201c ist eines von 20 B\u00fcndnissen, die im Programm \u201eWIR! \u2013 Wandel durch Innovation in der Region\u201c des Bundesministeriums f\u00fcr Bildung und Forschung in der Umsetzungsphase gef\u00f6rdert werden. Dieses Programm soll strukturschwachen Regionen jenseits der bestehenden Wirtschafts- und Innovationszentren starke neue Impulse geben, die regionale Innovationsf\u00e4higkeit erh\u00f6hen und langfristig Perspektiven f\u00fcr Wachstum und Besch\u00e4ftigung schaffen. Dies soll \u00fcber integrierte strategische Ans\u00e4tze erfolgen, die Forschung, Entwicklung und Innovation in den Mittelpunkt stellen sowie die bereits vorhandenen St\u00e4rken der Region angemessen ber\u00fccksichtigen und weiterentwickeln. Zudem ist es wichtig, dass m\u00f6glichst viele verschiedene regionale Akteure aus Wirtschaft, Wissenschaft und Gesellschaft diesen Wandel aktiv mittragen.<\/p><p>Mehr zum WIR!-Programm finden Sie\u00a0<a href=\"https:\/\/www.innovation-strukturwandel.de\/de\/wir---wandel-durch-innovation-in-der-region-2061.html\" target=\"_blank\" rel=\"noopener\">hier<\/a>.<\/p><p>\u00a0<\/p><p>Gerne verweisen wir auch zu unserem Netzwerkpartner\u00a0<a href=\"https:\/\/www.smarterz.de\/home\/\" target=\"_blank\" rel=\"noopener\">SmartERZ<\/a>\u00a0als ein weiteres WIR!-B\u00fcndnis im Erzgebirge.<\/p>\t\t\t\t\t\t\t\t<\/div>\n\t\t\t\t<\/div>\n\t\t\t\t\t<\/div>\n\t\t<\/div>\n\t\t\t\t\t<\/div>\n\t\t<\/section>\n\t\t\t\t<section class=\"elementor-section elementor-top-section elementor-element elementor-element-ecb3ad7 elementor-section-boxed elementor-section-height-default elementor-section-height-default\" data-id=\"ecb3ad7\" data-element_type=\"section\" data-e-type=\"section\">\n\t\t\t\t\t\t<div class=\"elementor-container elementor-column-gap-default\">\n\t\t\t\t\t<div class=\"elementor-column elementor-col-100 elementor-top-column elementor-element elementor-element-3b24c6a\" data-id=\"3b24c6a\" data-element_type=\"column\" data-e-type=\"column\">\n\t\t\t<div class=\"elementor-widget-wrap elementor-element-populated\">\n\t\t\t\t\t\t<div class=\"elementor-element elementor-element-5a24711 elementor-widget elementor-widget-heading\" data-id=\"5a24711\" data-element_type=\"widget\" data-e-type=\"widget\" data-widget_type=\"heading.default\">\n\t\t\t\t<div class=\"elementor-widget-container\">\n\t\t\t\t\t<h2 class=\"elementor-heading-title elementor-size-default\">Ziele als WIR!-B\u00fcndnis<\/h2>\t\t\t\t<\/div>\n\t\t\t\t<\/div>\n\t\t\t\t\t<\/div>\n\t\t<\/div>\n\t\t\t\t\t<\/div>\n\t\t<\/section>\n\t\t\t\t<section class=\"elementor-section elementor-top-section elementor-element elementor-element-6e651a1 elementor-section-boxed elementor-section-height-default elementor-section-height-default\" data-id=\"6e651a1\" data-element_type=\"section\" data-e-type=\"section\">\n\t\t\t\t\t\t<div class=\"elementor-container elementor-column-gap-default\">\n\t\t\t\t\t<div class=\"elementor-column elementor-col-100 elementor-top-column elementor-element elementor-element-c32fb1e\" data-id=\"c32fb1e\" data-element_type=\"column\" data-e-type=\"column\">\n\t\t\t<div class=\"elementor-widget-wrap elementor-element-populated\">\n\t\t\t\t\t\t<div class=\"elementor-element elementor-element-46bd0fd elementor-widget elementor-widget-text-editor\" data-id=\"46bd0fd\" data-element_type=\"widget\" data-e-type=\"widget\" data-widget_type=\"text-editor.default\">\n\t\t\t\t<div class=\"elementor-widget-container\">\n\t\t\t\t\t\t\t\t\t<p>Ziel des SRCC-B\u00fcndnisses ist es, als leistungsf\u00e4hige Plattform f\u00fcr Innovationen in Annaberg-Buchholz eine Keimzelle f\u00fcr den Strukturwandel in der Region Chemnitz-Erzgebirge zu sein. Um die Innovationskraft und Wettbewerbsf\u00e4higkeit der Unternehmen der Region zu st\u00e4rken, bietet das B\u00fcndnis den Unternehmen die Chance zur Netzwerkbildung und insbesondere zur wirtschaftsnahen Kooperation mit Forschungs- und Entwicklungseinrichtungen. Neben dem prim\u00e4ren Innovationsfeld des digitalisierten, vernetzten, automatisierten und nachhaltigen Bahnverkehrs soll der Campus auch einen Kristallisationspunkt f\u00fcr Innovationen in den regional starken Branchen Maschinen- und Anlagenbau sowie Automotive bilden. Die F\u00f6rderung im Rahmen des WIR!-Programms dient als Anschubfinanzierung f\u00fcr eine dauerhafte Etablierung eines Forschungscampus in Annaberg-Buchholz.<\/p><p>\u00a0<\/p><p>F\u00fcr die TU Chemnitz als Kernpartner des B\u00fcndnisses tr\u00e4gt das Vorhaben neben einer fach\u00fcbergreifenden B\u00fcndelung existierender Kompetenzen durch interdisziplin\u00e4re, kooperative Forschungsprojekte insbesondere zum Ausbau und zur St\u00e4rkung der Kompetenzen in allen drei Kernkompetenzfeldern der TU Chemnitz (\u201eMaterialien und Intelligente Systeme\u201c, \u201eRessourceneffiziente Produktion und Leichtbau\u201c sowie \u201eMensch und Technik\u201c) bei. Zudem haben die in den Projekten entwickelten L\u00f6sungen das Potenzial, sich durch Nachhaltigkeit, Interdisziplinarit\u00e4t und gesellschaftlichen Nutzen auszuzeichnen. Als regional verankerte Universit\u00e4t wird dar\u00fcber hinaus ein aktiver und nachhaltiger Transfer angestrebt, mit dem die Potenziale der Universit\u00e4t und deren Ergebnisse in Forschung und Lehre f\u00fcr Wirtschaft, Wissenschaft, Gesellschaft und Politik nutzbar gemacht werden sollen.<\/p><p>Mit dem Projekt nimmt die Stadt Annaberg-Buchholz eine Vorreiterrolle ein und dient zugleich als Modellstadt (inkl. der angrenzenden Region). Das im Rahmen des Projektes zu entwickelnde Elektromobilit\u00e4tskonzept l\u00e4sst sich auf eine Vielzahl anderer St\u00e4dte und Regionen mit einer \u00e4hnlichen Charakteristik adaptieren \u2013 in Deutschland gibt es \u00fcber 400 St\u00e4dte mit \u00e4hnlichem Charakter. Das Konzept kann demgem\u00e4\u00df als Blaupause f\u00fcr eine Vielzahl \u00e4hnlicher Gemeinden regional, national und global, welche vor den gleichen Herausforderungen stehen werden oder bereits stehen, dienen.<\/p><p>Inhaltlich ist die Stadt Auftraggeber und Koordinator f\u00fcr die relevanten Akteure.<\/p>\t\t\t\t\t\t\t\t<\/div>\n\t\t\t\t<\/div>\n\t\t\t\t\t<\/div>\n\t\t<\/div>\n\t\t\t\t\t<\/div>\n\t\t<\/section>\n\t\t\t\t<section class=\"elementor-section elementor-top-section elementor-element elementor-element-0579970 elementor-section-boxed elementor-section-height-default elementor-section-height-default\" data-id=\"0579970\" data-element_type=\"section\" data-e-type=\"section\">\n\t\t\t\t\t\t<div class=\"elementor-container elementor-column-gap-default\">\n\t\t\t\t\t<div class=\"elementor-column elementor-col-100 elementor-top-column elementor-element elementor-element-a7015fc\" data-id=\"a7015fc\" data-element_type=\"column\" data-e-type=\"column\">\n\t\t\t<div class=\"elementor-widget-wrap elementor-element-populated\">\n\t\t\t\t\t\t<div class=\"elementor-element elementor-element-847e484 elementor-widget elementor-widget-image\" data-id=\"847e484\" data-element_type=\"widget\" data-e-type=\"widget\" data-widget_type=\"image.default\">\n\t\t\t\t<div class=\"elementor-widget-container\">\n\t\t\t\t\t\t\t\t\t\t\t\t\t\t\t<img fetchpriority=\"high\" decoding=\"async\" width=\"351\" height=\"261\" src=\"https:\/\/srcc.saxxbizz.de\/wp-content\/uploads\/2021\/10\/bmvi.jpg\" class=\"attachment-large size-large wp-image-58\" alt=\"\" srcset=\"https:\/\/srcc.saxxbizz.de\/wp-content\/uploads\/2021\/10\/bmvi.jpg 351w, https:\/\/srcc.saxxbizz.de\/wp-content\/uploads\/2021\/10\/bmvi-300x223.jpg 300w\" sizes=\"(max-width: 351px) 100vw, 351px\" \/>\t\t\t\t\t\t\t\t\t\t\t\t\t\t\t<\/div>\n\t\t\t\t<\/div>\n\t\t\t\t\t<\/div>\n\t\t<\/div>\n\t\t\t\t\t<\/div>\n\t\t<\/section>\n\t\t\t\t<\/div>\n\t\t","protected":false},"excerpt":{"rendered":"<p>Das WIR!-Programm Das B\u00fcndnis \u201eSmart Rail Connectivity Campus\u201c ist eines von 20 B\u00fcndnissen, die im Programm \u201eWIR! \u2013 Wandel durch Innovation in der Region\u201c des Bundesministeriums f\u00fcr Bildung und Forschung in der Umsetzungsphase gef\u00f6rdert werden. Dieses Programm soll strukturschwachen Regionen jenseits der bestehenden Wirtschafts- und Innovationszentren starke neue Impulse geben, die regionale Innovationsf\u00e4higkeit erh\u00f6hen und [&hellip;]<\/p>\n","protected":false},"author":1,"featured_media":0,"parent":0,"menu_order":0,"comment_status":"closed","ping_status":"closed","template":"","meta":{"footnotes":""},"class_list":["post-57","page","type-page","status-publish","hentry","post"],"_links":{"self":[{"href":"https:\/\/srcc.saxxbizz.de\/index.php?rest_route=\/wp\/v2\/pages\/57","targetHints":{"allow":["GET"]}}],"collection":[{"href":"https:\/\/srcc.saxxbizz.de\/index.php?rest_route=\/wp\/v2\/pages"}],"about":[{"href":"https:\/\/srcc.saxxbizz.de\/index.php?rest_route=\/wp\/v2\/types\/page"}],"author":[{"embeddable":true,"href":"https:\/\/srcc.saxxbizz.de\/index.php?rest_route=\/wp\/v2\/users\/1"}],"replies":[{"embeddable":true,"href":"https:\/\/srcc.saxxbizz.de\/index.php?rest_route=%2Fwp%2Fv2%2Fcomments&post=57"}],"version-history":[{"count":6,"href":"https:\/\/srcc.saxxbizz.de\/index.php?rest_route=\/wp\/v2\/pages\/57\/revisions"}],"predecessor-version":[{"id":246,"href":"https:\/\/srcc.saxxbizz.de\/index.php?rest_route=\/wp\/v2\/pages\/57\/revisions\/246"}],"wp:attachment":[{"href":"https:\/\/srcc.saxxbizz.de\/index.php?rest_route=%2Fwp%2Fv2%2Fmedia&parent=57"}],"curies":[{"name":"wp","href":"https:\/\/api.w.org\/{rel}","templated":true}]}}