{"id":536,"date":"2022-03-25T08:25:58","date_gmt":"2022-03-25T07:25:58","guid":{"rendered":"https:\/\/srcc.saxxbizz.de\/?page_id=536"},"modified":"2022-03-25T08:25:59","modified_gmt":"2022-03-25T07:25:59","slug":"coworking","status":"publish","type":"page","link":"https:\/\/srcc.saxxbizz.de\/?page_id=536","title":{"rendered":"CoWorking"},"content":{"rendered":"\n<p>Willkommen im Coworking SRCC! Entfliehen Sie dem Homeoffice und arbeiten Sie dort, wo andere Urlaub machen. \u00dcber den D\u00e4chern der Berg- und Adam-Ries-Stadt Annaberg-Buchholz befinden sich unsere B\u00fcror\u00e4ume in zentraler Lage. Unsere ergonomisch ausgestatteten Arbeitspl\u00e4tze werden durch eine K\u00fcche und einem Besprechungsraum erg\u00e4nzt.<\/p>\n\n\n\n<p>Wir bieten flexible Mietlaufzeiten f\u00fcr Schreibtisch-Arbeitspl\u00e4tze von einem Tag, einer Woche oder einem Monat an. Die Preise richten sich nach Mietdauer und Ausstattungswunsch.<\/p>\n\n\n\n<p>Bei Interesse k\u00f6nnen Sie uns gerne unter contact@smart-rail-campus.de kontaktieren.<\/p>\n","protected":false},"excerpt":{"rendered":"<p>Willkommen im Coworking SRCC! Entfliehen Sie dem Homeoffice und arbeiten Sie dort, wo andere Urlaub machen. \u00dcber den D\u00e4chern der Berg- und Adam-Ries-Stadt Annaberg-Buchholz befinden sich unsere B\u00fcror\u00e4ume in zentraler Lage. Unsere ergonomisch ausgestatteten Arbeitspl\u00e4tze werden durch eine K\u00fcche und einem Besprechungsraum erg\u00e4nzt. Wir bieten flexible Mietlaufzeiten f\u00fcr Schreibtisch-Arbeitspl\u00e4tze von einem Tag, einer Woche oder [&hellip;]<\/p>\n","protected":false},"author":1,"featured_media":0,"parent":0,"menu_order":0,"comment_status":"closed","ping_status":"closed","template":"","meta":{"footnotes":""},"class_list":["post-536","page","type-page","status-publish","hentry","post"],"_links":{"self":[{"href":"https:\/\/srcc.saxxbizz.de\/index.php?rest_route=\/wp\/v2\/pages\/536","targetHints":{"allow":["GET"]}}],"collection":[{"href":"https:\/\/srcc.saxxbizz.de\/index.php?rest_route=\/wp\/v2\/pages"}],"about":[{"href":"https:\/\/srcc.saxxbizz.de\/index.php?rest_route=\/wp\/v2\/types\/page"}],"author":[{"embeddable":true,"href":"https:\/\/srcc.saxxbizz.de\/index.php?rest_route=\/wp\/v2\/users\/1"}],"replies":[{"embeddable":true,"href":"https:\/\/srcc.saxxbizz.de\/index.php?rest_route=%2Fwp%2Fv2%2Fcomments&post=536"}],"version-history":[{"count":1,"href":"https:\/\/srcc.saxxbizz.de\/index.php?rest_route=\/wp\/v2\/pages\/536\/revisions"}],"predecessor-version":[{"id":537,"href":"https:\/\/srcc.saxxbizz.de\/index.php?rest_route=\/wp\/v2\/pages\/536\/revisions\/537"}],"wp:attachment":[{"href":"https:\/\/srcc.saxxbizz.de\/index.php?rest_route=%2Fwp%2Fv2%2Fmedia&parent=536"}],"curies":[{"name":"wp","href":"https:\/\/api.w.org\/{rel}","templated":true}]}}