{"id":46,"date":"2021-10-13T14:54:30","date_gmt":"2021-10-13T12:54:30","guid":{"rendered":"https:\/\/srcc.saxxbizz.de\/?page_id=46"},"modified":"2021-10-13T14:55:03","modified_gmt":"2021-10-13T12:55:03","slug":"beirat","status":"publish","type":"page","link":"https:\/\/srcc.saxxbizz.de\/?page_id=46","title":{"rendered":"Beirat"},"content":{"rendered":"\t\t<div data-elementor-type=\"wp-page\" data-elementor-id=\"46\" class=\"elementor elementor-46\">\n\t\t\t\t\t\t<section class=\"elementor-section elementor-top-section elementor-element elementor-element-bc681cf elementor-section-boxed elementor-section-height-default elementor-section-height-default\" data-id=\"bc681cf\" data-element_type=\"section\" data-e-type=\"section\">\n\t\t\t\t\t\t<div class=\"elementor-container elementor-column-gap-default\">\n\t\t\t\t\t<div class=\"elementor-column elementor-col-100 elementor-top-column elementor-element elementor-element-3b433c5\" data-id=\"3b433c5\" data-element_type=\"column\" data-e-type=\"column\">\n\t\t\t<div class=\"elementor-widget-wrap elementor-element-populated\">\n\t\t\t\t\t\t<div class=\"elementor-element elementor-element-34fecb6 elementor-widget elementor-widget-text-editor\" data-id=\"34fecb6\" data-element_type=\"widget\" data-e-type=\"widget\" data-widget_type=\"text-editor.default\">\n\t\t\t\t<div class=\"elementor-widget-container\">\n\t\t\t\t\t\t\t\t\t<p>F\u00fcr die F\u00f6rderung des B\u00fcndnisses im Rahmen des WIR!-Programms wurde ein WIR!-Beirat eingerichtet. Dieser hat die Aufgabe, das B\u00fcndnis unter besonderer Ber\u00fccksichtigung der zentralen Programmkriterien bei der Entwicklung und Umsetzung der Strategie zu begleiten, zu beraten und zu bewerten. Er begutachtet und bewertet die Forschungsvorhaben des B\u00fcndnisses hinsichtlich der Passf\u00e4higkeit zur Strategie und der F\u00f6rderw\u00fcrdigkeit.<\/p>\n<p><\/p>\n<p><ul><li>MR Stefan Schmitt (Referatsleiter im Bundesministerium f\u00fcr Verkehr und digitale Infrastruktur; Beiratsvorsitzender),<\/li><li>Gunnar Bertram (Vorstandsvorsitzender Volksbank Chemnitz),<\/li><li>Prof. em. Dr. Wolfgang Fengler (emeritiert; ehemals TU Dresden (Gestaltung von Bahnanlagen)),<\/li><li>Dr. Michael Leining (Technical Liason Officer bei EULYNX),<\/li><li>Detlef M\u00fcller (Mitglied im Verkehrsausschuss des Deutschen Bundestages),<\/li><li>Markus Reinhardt (Referent im Eisenbahnbundesamt),<\/li><li>Axel Schuppe (Gesch\u00e4ftsf\u00fchrer des Verbandes der Bahnindustrie in Deutschland),<\/li><li>Hans-Joachim Wunderlich (Hauptgesch\u00e4ftsf\u00fchrer der IHK Chemnitz).<\/li><\/ul><\/p>\t\t\t\t\t\t\t\t<\/div>\n\t\t\t\t<\/div>\n\t\t\t\t\t<\/div>\n\t\t<\/div>\n\t\t\t\t\t<\/div>\n\t\t<\/section>\n\t\t\t\t<\/div>\n\t\t","protected":false},"excerpt":{"rendered":"<p>F\u00fcr die F\u00f6rderung des B\u00fcndnisses im Rahmen des WIR!-Programms wurde ein WIR!-Beirat eingerichtet. Dieser hat die Aufgabe, das B\u00fcndnis unter besonderer Ber\u00fccksichtigung der zentralen Programmkriterien bei der Entwicklung und Umsetzung der Strategie zu begleiten, zu beraten und zu bewerten. Er begutachtet und bewertet die Forschungsvorhaben des B\u00fcndnisses hinsichtlich der Passf\u00e4higkeit zur Strategie und der F\u00f6rderw\u00fcrdigkeit. [&hellip;]<\/p>\n","protected":false},"author":1,"featured_media":0,"parent":0,"menu_order":0,"comment_status":"closed","ping_status":"closed","template":"","meta":{"footnotes":""},"class_list":["post-46","page","type-page","status-publish","hentry","post"],"_links":{"self":[{"href":"https:\/\/srcc.saxxbizz.de\/index.php?rest_route=\/wp\/v2\/pages\/46","targetHints":{"allow":["GET"]}}],"collection":[{"href":"https:\/\/srcc.saxxbizz.de\/index.php?rest_route=\/wp\/v2\/pages"}],"about":[{"href":"https:\/\/srcc.saxxbizz.de\/index.php?rest_route=\/wp\/v2\/types\/page"}],"author":[{"embeddable":true,"href":"https:\/\/srcc.saxxbizz.de\/index.php?rest_route=\/wp\/v2\/users\/1"}],"replies":[{"embeddable":true,"href":"https:\/\/srcc.saxxbizz.de\/index.php?rest_route=%2Fwp%2Fv2%2Fcomments&post=46"}],"version-history":[{"count":3,"href":"https:\/\/srcc.saxxbizz.de\/index.php?rest_route=\/wp\/v2\/pages\/46\/revisions"}],"predecessor-version":[{"id":49,"href":"https:\/\/srcc.saxxbizz.de\/index.php?rest_route=\/wp\/v2\/pages\/46\/revisions\/49"}],"wp:attachment":[{"href":"https:\/\/srcc.saxxbizz.de\/index.php?rest_route=%2Fwp%2Fv2%2Fmedia&parent=46"}],"curies":[{"name":"wp","href":"https:\/\/api.w.org\/{rel}","templated":true}]}}