{"id":32,"date":"2021-10-13T14:43:26","date_gmt":"2021-10-13T12:43:26","guid":{"rendered":"https:\/\/srcc.saxxbizz.de\/?page_id=32"},"modified":"2021-10-13T14:46:57","modified_gmt":"2021-10-13T12:46:57","slug":"vrein","status":"publish","type":"page","link":"https:\/\/srcc.saxxbizz.de\/?page_id=32","title":{"rendered":"Verein"},"content":{"rendered":"\t\t<div data-elementor-type=\"wp-page\" data-elementor-id=\"32\" class=\"elementor elementor-32\">\n\t\t\t\t\t\t<section class=\"elementor-section elementor-top-section elementor-element elementor-element-65c1d67 elementor-section-boxed elementor-section-height-default elementor-section-height-default\" data-id=\"65c1d67\" data-element_type=\"section\" data-e-type=\"section\">\n\t\t\t\t\t\t<div class=\"elementor-container elementor-column-gap-default\">\n\t\t\t\t\t<div class=\"elementor-column elementor-col-100 elementor-top-column elementor-element elementor-element-c4bf598\" data-id=\"c4bf598\" data-element_type=\"column\" data-e-type=\"column\">\n\t\t\t<div class=\"elementor-widget-wrap elementor-element-populated\">\n\t\t\t\t\t\t<div class=\"elementor-element elementor-element-ea93be9 elementor-widget elementor-widget-text-editor\" data-id=\"ea93be9\" data-element_type=\"widget\" data-e-type=\"widget\" data-widget_type=\"text-editor.default\">\n\t\t\t\t<div class=\"elementor-widget-container\">\n\t\t\t\t\t\t\t\t\t<p><b>Durch die Gr\u00fcndung Vereins Smart Rail Connectivity Campus e. V., am 03.09.2019 in Annaberg-Buchholz m\u00f6chte der SRCC allen seinen Netzwerkmitgliedern, Projektpartnern, Projektunterst\u00fctzern folgende Unterst\u00fctzungen bieten:<\/b><\/p><p>\u00a0<\/p><ul><li>Akquisition von Mitteln durch Mitgliedsbeitr\u00e4ge, Spenden und F\u00f6rdermittel,<\/li><li>Planung und Durchf\u00fchrung von wissenschaftlichen Konferenzen im Raum Chemnitz-Erzgebirge,<\/li><li>Unterst\u00fctzung der Netzwerk- und Clusterbildung insbesondere innerhalb der Vereinsmitglieder und ihrer Forschungs- und Marktpartner,<\/li><li>F\u00f6rderung des Know-How-Transfers durch Messebeteiligungen, Organisation von oder Teilnahme an Fachtagungen, Kongressen, Symposien und Workshops sowie die Publizierung in Medien,<\/li><li>F\u00f6rderung der interdisziplin\u00e4ren Kommunikation zwischen Wirtschaft, Wissenschaft, Politik und Gesellschaft,<\/li><li>Initiierung von Projekten sowie von regionalen, nationalen und internationalen Kooperationen unter Beteiligung seiner Vereinsmitglieder,<\/li><li>Unterst\u00fctzung der Aus- und Weiterbildung in Schulen, Hochschulen, Industrie und Handwerk,<\/li><li>Sensibilisierung der s\u00e4chsischen \u00d6ffentlichkeit f\u00fcr das Potenzial neuer Mobilit\u00e4tstechnologien und den Bedarf der Fortentwicklung einschlie\u00dflich der Infrastruktur,<\/li><li>die Ver\u00f6ffentlichung und Pr\u00e4sentation von Ergebnissen aus Forschung und Entwicklung,<\/li><li>Zusammenarbeit mit anderen Verb\u00e4nden, Vereinen und Institutionen im In- und Ausland, die zur Erreichung des Vereinszwecks dient,<\/li><li>die Weitergabe von Mitteln zur F\u00f6rderung von Wissenschaft und Forschung durch eine andere steuerbeg\u00fcnstigte K\u00f6rperschaft.<\/li><\/ul>\t\t\t\t\t\t\t\t<\/div>\n\t\t\t\t<\/div>\n\t\t\t\t\t<\/div>\n\t\t<\/div>\n\t\t\t\t\t<\/div>\n\t\t<\/section>\n\t\t\t\t<section class=\"elementor-section elementor-top-section elementor-element elementor-element-30c1fed elementor-section-boxed elementor-section-height-default elementor-section-height-default\" data-id=\"30c1fed\" data-element_type=\"section\" data-e-type=\"section\">\n\t\t\t\t\t\t<div class=\"elementor-container elementor-column-gap-default\">\n\t\t\t\t\t<div class=\"elementor-column elementor-col-33 elementor-top-column elementor-element elementor-element-9941d23\" data-id=\"9941d23\" data-element_type=\"column\" data-e-type=\"column\">\n\t\t\t<div class=\"elementor-widget-wrap elementor-element-populated\">\n\t\t\t\t\t\t<div class=\"elementor-element elementor-element-34bdbc2 elementor-align-left elementor-widget elementor-widget-button\" data-id=\"34bdbc2\" data-element_type=\"widget\" data-e-type=\"widget\" data-widget_type=\"button.default\">\n\t\t\t\t<div class=\"elementor-widget-container\">\n\t\t\t\t\t\t\t\t\t<div class=\"elementor-button-wrapper\">\n\t\t\t\t\t<a class=\"elementor-button elementor-button-link elementor-size-md\" href=\"#\" target=\"_blank\">\n\t\t\t\t\t\t<span class=\"elementor-button-content-wrapper\">\n\t\t\t\t\t\t\t\t\t<span class=\"elementor-button-text\">SRCC Vereinssatzung PDF \/ 0,39 MB<\/span>\n\t\t\t\t\t<\/span>\n\t\t\t\t\t<\/a>\n\t\t\t\t<\/div>\n\t\t\t\t\t\t\t\t<\/div>\n\t\t\t\t<\/div>\n\t\t\t\t\t<\/div>\n\t\t<\/div>\n\t\t\t\t<div class=\"elementor-column elementor-col-33 elementor-top-column elementor-element elementor-element-6207039\" data-id=\"6207039\" data-element_type=\"column\" data-e-type=\"column\">\n\t\t\t<div class=\"elementor-widget-wrap elementor-element-populated\">\n\t\t\t\t\t\t<div class=\"elementor-element elementor-element-2e2c149 elementor-widget elementor-widget-button\" data-id=\"2e2c149\" data-element_type=\"widget\" data-e-type=\"widget\" data-widget_type=\"button.default\">\n\t\t\t\t<div class=\"elementor-widget-container\">\n\t\t\t\t\t\t\t\t\t<div class=\"elementor-button-wrapper\">\n\t\t\t\t\t<a class=\"elementor-button elementor-button-link elementor-size-md\" href=\"#\">\n\t\t\t\t\t\t<span class=\"elementor-button-content-wrapper\">\n\t\t\t\t\t\t\t\t\t<span class=\"elementor-button-text\">SRCC Beitragsordnung PDF \/ 0,35 MB<\/span>\n\t\t\t\t\t<\/span>\n\t\t\t\t\t<\/a>\n\t\t\t\t<\/div>\n\t\t\t\t\t\t\t\t<\/div>\n\t\t\t\t<\/div>\n\t\t\t\t\t<\/div>\n\t\t<\/div>\n\t\t\t\t<div class=\"elementor-column elementor-col-33 elementor-top-column elementor-element elementor-element-260c47b\" data-id=\"260c47b\" data-element_type=\"column\" data-e-type=\"column\">\n\t\t\t<div class=\"elementor-widget-wrap elementor-element-populated\">\n\t\t\t\t\t\t<div class=\"elementor-element elementor-element-bd9534b elementor-align-center elementor-widget elementor-widget-button\" data-id=\"bd9534b\" data-element_type=\"widget\" data-e-type=\"widget\" data-widget_type=\"button.default\">\n\t\t\t\t<div class=\"elementor-widget-container\">\n\t\t\t\t\t\t\t\t\t<div class=\"elementor-button-wrapper\">\n\t\t\t\t\t<a class=\"elementor-button elementor-button-link elementor-size-md\" href=\"#\">\n\t\t\t\t\t\t<span class=\"elementor-button-content-wrapper\">\n\t\t\t\t\t\t\t\t\t<span class=\"elementor-button-text\">Mitgliedsantrag <br>PDF \/ 0,41 MB<\/span>\n\t\t\t\t\t<\/span>\n\t\t\t\t\t<\/a>\n\t\t\t\t<\/div>\n\t\t\t\t\t\t\t\t<\/div>\n\t\t\t\t<\/div>\n\t\t\t\t\t<\/div>\n\t\t<\/div>\n\t\t\t\t\t<\/div>\n\t\t<\/section>\n\t\t\t\t<\/div>\n\t\t","protected":false},"excerpt":{"rendered":"<p>Durch die Gr\u00fcndung Vereins Smart Rail Connectivity Campus e. V., am 03.09.2019 in Annaberg-Buchholz m\u00f6chte der SRCC allen seinen Netzwerkmitgliedern, Projektpartnern, Projektunterst\u00fctzern folgende Unterst\u00fctzungen bieten: Akquisition von Mitteln durch Mitgliedsbeitr\u00e4ge, Spenden und F\u00f6rdermittel, Planung und Durchf\u00fchrung von wissenschaftlichen Konferenzen im Raum Chemnitz-Erzgebirge, Unterst\u00fctzung der Netzwerk- und Clusterbildung insbesondere innerhalb der Vereinsmitglieder und ihrer Forschungs- und [&hellip;]<\/p>\n","protected":false},"author":1,"featured_media":0,"parent":0,"menu_order":0,"comment_status":"closed","ping_status":"closed","template":"","meta":{"footnotes":""},"class_list":["post-32","page","type-page","status-publish","hentry","post"],"_links":{"self":[{"href":"https:\/\/srcc.saxxbizz.de\/index.php?rest_route=\/wp\/v2\/pages\/32","targetHints":{"allow":["GET"]}}],"collection":[{"href":"https:\/\/srcc.saxxbizz.de\/index.php?rest_route=\/wp\/v2\/pages"}],"about":[{"href":"https:\/\/srcc.saxxbizz.de\/index.php?rest_route=\/wp\/v2\/types\/page"}],"author":[{"embeddable":true,"href":"https:\/\/srcc.saxxbizz.de\/index.php?rest_route=\/wp\/v2\/users\/1"}],"replies":[{"embeddable":true,"href":"https:\/\/srcc.saxxbizz.de\/index.php?rest_route=%2Fwp%2Fv2%2Fcomments&post=32"}],"version-history":[{"count":4,"href":"https:\/\/srcc.saxxbizz.de\/index.php?rest_route=\/wp\/v2\/pages\/32\/revisions"}],"predecessor-version":[{"id":36,"href":"https:\/\/srcc.saxxbizz.de\/index.php?rest_route=\/wp\/v2\/pages\/32\/revisions\/36"}],"wp:attachment":[{"href":"https:\/\/srcc.saxxbizz.de\/index.php?rest_route=%2Fwp%2Fv2%2Fmedia&parent=32"}],"curies":[{"name":"wp","href":"https:\/\/api.w.org\/{rel}","templated":true}]}}